{"id":2886,"date":"2024-03-16T10:10:53","date_gmt":"2024-03-16T09:10:53","guid":{"rendered":"https:\/\/westfach.de\/?page_id=2886"},"modified":"2024-03-16T10:11:56","modified_gmt":"2024-03-16T09:11:56","slug":"westfach-the-game","status":"publish","type":"page","link":"https:\/\/westfach.de\/fr\/westfach-the-game\/","title":{"rendered":"WestFach &#8211; The Game"},"content":{"rendered":"<div class=\"entry-content\">\n<p>Liebe Leute,<\/p>\n<p>besuchen Sie uns auch au\u00dferhalb der \u00d6ffnungszeiten in der \u00ab\u00a0Virtuellen Welt\u00a0\u00bb:<\/p>\n<p><a href=\"https:\/\/realplaces.itch.io\/westfach-the-game\"><img loading=\"lazy\" decoding=\"async\" class=\"alignnone wp-image-2689\" src=\"https:\/\/westfach.de\/wp-content\/uploads\/2022\/09\/canvas.png\" alt=\"\" width=\"472\" height=\"425\" \/><\/a><\/p>\n<p>Dieses Spiel wurde &#8211; ohne s\u00e4chsische F\u00f6rdermittel &#8211; des Nachts entwickelt. Steigen Sie ein, in die phantastische Welt des Einzelhandels auf der Karl Heine Stra\u00dfe und steuern sie Ihren Atavar durch die \u00f6ffentlichen und geheimen R\u00e4ume des WestFachs.<\/p>\n<\/div>\n<p>Link: WestFach <a href=\"https:\/\/realplaces.itch.io\/westfach-the-game\">The Game<\/a><\/p>\n","protected":false},"excerpt":{"rendered":"<p>Liebe Leute, besuchen Sie uns auch au\u00dferhalb der \u00d6ffnungszeiten in der \u00ab\u00a0Virtuellen Welt\u00a0\u00bb: Dieses Spiel wurde &#8211; ohne s\u00e4chsische F\u00f6rdermittel &#8211; des Nachts entwickelt. Steigen Sie ein, in die phantastische Welt des Einzelhandels auf der Karl Heine Stra\u00dfe und steuern sie Ihren Atavar durch die \u00f6ffentlichen und geheimen R\u00e4ume des WestFachs. Link: WestFach The Game<\/p>\n","protected":false},"author":2,"featured_media":0,"parent":0,"menu_order":0,"comment_status":"closed","ping_status":"closed","template":"","meta":{"_bbp_topic_count":0,"_bbp_reply_count":0,"_bbp_total_topic_count":0,"_bbp_total_reply_count":0,"_bbp_voice_count":0,"_bbp_anonymous_reply_count":0,"_bbp_topic_count_hidden":0,"_bbp_reply_count_hidden":0,"_bbp_forum_subforum_count":0,"_crdt_document":"","footnotes":""},"categories":[287],"tags":[],"class_list":["post-2886","page","type-page","status-publish","hentry","category-westfach-the-game"],"jetpack_sharing_enabled":true,"_links":{"self":[{"href":"https:\/\/westfach.de\/fr\/wp-json\/wp\/v2\/pages\/2886","targetHints":{"allow":["GET"]}}],"collection":[{"href":"https:\/\/westfach.de\/fr\/wp-json\/wp\/v2\/pages"}],"about":[{"href":"https:\/\/westfach.de\/fr\/wp-json\/wp\/v2\/types\/page"}],"author":[{"embeddable":true,"href":"https:\/\/westfach.de\/fr\/wp-json\/wp\/v2\/users\/2"}],"replies":[{"embeddable":true,"href":"https:\/\/westfach.de\/fr\/wp-json\/wp\/v2\/comments?post=2886"}],"version-history":[{"count":4,"href":"https:\/\/westfach.de\/fr\/wp-json\/wp\/v2\/pages\/2886\/revisions"}],"predecessor-version":[{"id":2891,"href":"https:\/\/westfach.de\/fr\/wp-json\/wp\/v2\/pages\/2886\/revisions\/2891"}],"wp:attachment":[{"href":"https:\/\/westfach.de\/fr\/wp-json\/wp\/v2\/media?parent=2886"}],"wp:term":[{"taxonomy":"category","embeddable":true,"href":"https:\/\/westfach.de\/fr\/wp-json\/wp\/v2\/categories?post=2886"},{"taxonomy":"post_tag","embeddable":true,"href":"https:\/\/westfach.de\/fr\/wp-json\/wp\/v2\/tags?post=2886"}],"curies":[{"name":"wp","href":"https:\/\/api.w.org\/{rel}","templated":true}]}}