{"id":2881,"date":"2024-03-16T09:58:40","date_gmt":"2024-03-16T08:58:40","guid":{"rendered":"https:\/\/westfach.de\/?page_id=2881"},"modified":"2024-09-28T00:22:31","modified_gmt":"2024-09-27T22:22:31","slug":"westfach-recordstore","status":"publish","type":"page","link":"https:\/\/westfach.de\/fr\/westfach-recordstore\/","title":{"rendered":"WestFach &#8211; RecordStore"},"content":{"rendered":"<p>BEATART JAZZ<\/p>\n<div class=\"jetpack-video-wrapper\"><iframe loading=\"lazy\" title=\"Record Store digging and jazz beat making I Akai MPC ONE Vinyl\" width=\"660\" height=\"371\" src=\"https:\/\/www.youtube.com\/embed\/Z5JpFJ-PCtc?feature=oembed\" frameborder=\"0\" allow=\"accelerometer; autoplay; clipboard-write; encrypted-media; gyroscope; picture-in-picture; web-share\" referrerpolicy=\"strict-origin-when-cross-origin\" allowfullscreen><\/iframe><\/div>\n<p>&nbsp;<\/p>\n<p>WestFach dankt f\u00fcr den Support!<\/p>\n<p>&nbsp;<\/p>\n<p>&nbsp;<\/p>\n<p>TRANCE<\/p>\n<p>Vor kurzem hatten wir im WestFach eine Begegnung mit dem Leipziger DJ \u00ab\u00a0Alec Pearl\u00a0\u00bb und sprachen \u00fcber das Thema \u00ab\u00a0Musik als Reise\u00a0\u00bb. Wen es interessiert wie so eine Reiseroute aussehen kann und konzipiert ist, im Lande der \u00ab\u00a0TrancezenDance\u00a0\u00bb, ist eingeladen folgenden Eindruck zu gewinnen:<\/p>\n<p><iframe loading=\"lazy\" title=\"Alec Pearl\" width=\"660\" height=\"450\" scrolling=\"no\" frameborder=\"no\" src=\"https:\/\/w.soundcloud.com\/player\/?visual=true&#038;url=https%3A%2F%2Fapi.soundcloud.com%2Fusers%2F332074236&#038;show_artwork=true&#038;maxheight=990&#038;maxwidth=660\"><\/iframe><\/p>\n<p>&nbsp;<\/p>\n<p>&nbsp;<\/p>\n<p>&nbsp;<\/p>\n<p>&nbsp;<\/p>\n<p>\u00ab\u00a0DUB ist eine <a title=\"Musik\" href=\"https:\/\/de.wikipedia.org\/wiki\/Musik\">Musik<\/a>-Produktionsweise, die in den sp\u00e4ten 1960er und fr\u00fchen 1970er Jahren auf <a title=\"Jamaika\" href=\"https:\/\/de.wikipedia.org\/wiki\/Jamaika\">Jamaika<\/a> entstand. <a title=\"Roots-Reggae\" href=\"https:\/\/de.wikipedia.org\/wiki\/Roots-Reggae\">Roots-Reggae<\/a>-Songs wurden als Rohmaterial verwendet, mit Effekten versehen und neu abgemischt. Heutzutage werden die dazu verwendeten Techniken von vielen Musikproduzenten verwendet, insbesondere im Bereich <a title=\"Elektronische Tanzmusik\" href=\"https:\/\/de.wikipedia.org\/wiki\/Elektronische_Tanzmusik\">elektronischer Tanzmusik<\/a>.\u00a0\u00bb (wikipedia)<\/p>\n<p>Auf der Sonneninsel, also Leipzig, dem letzten Lichtblick \u00fcber die vermeintlich braunen Sumpfgew\u00e4sser Sachsens, gibt es gegenw\u00e4rtig hoch qualitative DUBs zu entdecken. Lasst Eure Ohren und Eure Boxen wabbeln und gedenkt der kulturellen Vielfalt; nat\u00fcrlich mit toniwobblebass:<\/p>\n<p><iframe loading=\"lazy\" title=\"Toni Wobble\" width=\"660\" height=\"450\" scrolling=\"no\" frameborder=\"no\" src=\"https:\/\/w.soundcloud.com\/player\/?visual=true&#038;url=https%3A%2F%2Fapi.soundcloud.com%2Fusers%2F5209528&#038;show_artwork=true&#038;maxheight=990&#038;maxwidth=660\"><\/iframe><\/p>\n<p>&nbsp;<\/p>\n<p>&nbsp;<\/p>\n<p>&nbsp;<\/p>\n<p>KRAUTROCK im Leipziger Kiez!? Diese Reise ist eine Hommage an die durchstromten Seiteninstrumente die Euch davon schicken, weit weg, in die gefl\u00fcgelten Galaxien des Seins:<\/p>\n<p><iframe loading=\"lazy\" title=\"Krautsteinescherben\" width=\"200\" height=\"250\" src=\"https:\/\/www.mixcloud.com\/widget\/follow\/?u=https%3A%2F%2Fwww.mixcloud.com%2FKrautSteineScherben%2F\" frameborder=\"0\"><\/iframe><\/p>\n<p>&nbsp;<\/p>\n<p>&nbsp;<\/p>\n<p>ELEKTRONIC<\/p>\n<p><a title=\"DJ\" href=\"https:\/\/de.wikipedia.org\/wiki\/DJ\">DJ<\/a>, <i>Disk Jockey<\/i>, eine Person, die Tontr\u00e4ger vor einem Publikum abspielt. (wikipedia)<\/p>\n<p>Als DJ verstehen sich sicherlich viele Menschen. Aber nicht nur den dem eigenen EGO gerecht zu werden, sondern dem Publikum, dazu bedarf es doch etwas mehr. Mit Oliver van Dannen k\u00f6nnt ihr ausprobieren ob er es schafft, Euch in sein Land mitzunehmen, wo ihr im Mittelpunkt steht:<\/p>\n<p><iframe loading=\"lazy\" title=\"Oliver von Dannen\" width=\"660\" height=\"450\" scrolling=\"no\" frameborder=\"no\" src=\"https:\/\/w.soundcloud.com\/player\/?visual=true&#038;url=https%3A%2F%2Fapi.soundcloud.com%2Fusers%2F42703171&#038;show_artwork=true&#038;maxheight=990&#038;maxwidth=660\"><\/iframe><\/p>\n<p>&nbsp;<\/p>\n<p>&nbsp;<\/p>\n<p>&nbsp;<\/p>\n<p>&nbsp;<\/p>\n<p>&nbsp;<\/p>\n","protected":false},"excerpt":{"rendered":"<p>BEATART JAZZ &nbsp; WestFach dankt f\u00fcr den Support! &nbsp; &nbsp; TRANCE Vor kurzem hatten wir im WestFach eine Begegnung mit dem Leipziger DJ \u00ab\u00a0Alec Pearl\u00a0\u00bb und sprachen \u00fcber das Thema \u00ab\u00a0Musik als Reise\u00a0\u00bb. Wen es interessiert wie so eine Reiseroute aussehen kann und konzipiert ist, im Lande der \u00ab\u00a0TrancezenDance\u00a0\u00bb, ist eingeladen folgenden Eindruck zu gewinnen: &hellip; <a href=\"https:\/\/westfach.de\/fr\/westfach-recordstore\/\" class=\"more-link\">Continuer la lecture de <span class=\"screen-reader-text\">WestFach &#8211; RecordStore<\/span><\/a><\/p>\n","protected":false},"author":2,"featured_media":0,"parent":0,"menu_order":0,"comment_status":"closed","ping_status":"closed","template":"","meta":{"_bbp_topic_count":0,"_bbp_reply_count":0,"_bbp_total_topic_count":0,"_bbp_total_reply_count":0,"_bbp_voice_count":0,"_bbp_anonymous_reply_count":0,"_bbp_topic_count_hidden":0,"_bbp_reply_count_hidden":0,"_bbp_forum_subforum_count":0,"_crdt_document":"","footnotes":""},"categories":[5],"tags":[346,352,356,331,353,98,333,337,355,351,332,336,334,338,350,354,335,345,204,339,151],"class_list":["post-2881","page","type-page","status-publish","hentry","category-ueberblick","tag-alec-pearl","tag-dub","tag-elektonic","tag-jazz","tag-krautrock","tag-leipzig","tag-mpc","tag-musik","tag-oliver-van-dannen","tag-plugdub","tag-records","tag-recordstore","tag-schallplatten","tag-shop","tag-toni-wobble","tag-tonsteinescherben-ton-steine-scherben","tag-tontraeger","tag-tranzzendance","tag-vinyl","tag-westen","tag-westwerk"],"jetpack_sharing_enabled":true,"_links":{"self":[{"href":"https:\/\/westfach.de\/fr\/wp-json\/wp\/v2\/pages\/2881","targetHints":{"allow":["GET"]}}],"collection":[{"href":"https:\/\/westfach.de\/fr\/wp-json\/wp\/v2\/pages"}],"about":[{"href":"https:\/\/westfach.de\/fr\/wp-json\/wp\/v2\/types\/page"}],"author":[{"embeddable":true,"href":"https:\/\/westfach.de\/fr\/wp-json\/wp\/v2\/users\/2"}],"replies":[{"embeddable":true,"href":"https:\/\/westfach.de\/fr\/wp-json\/wp\/v2\/comments?post=2881"}],"version-history":[{"count":14,"href":"https:\/\/westfach.de\/fr\/wp-json\/wp\/v2\/pages\/2881\/revisions"}],"predecessor-version":[{"id":2982,"href":"https:\/\/westfach.de\/fr\/wp-json\/wp\/v2\/pages\/2881\/revisions\/2982"}],"wp:attachment":[{"href":"https:\/\/westfach.de\/fr\/wp-json\/wp\/v2\/media?parent=2881"}],"wp:term":[{"taxonomy":"category","embeddable":true,"href":"https:\/\/westfach.de\/fr\/wp-json\/wp\/v2\/categories?post=2881"},{"taxonomy":"post_tag","embeddable":true,"href":"https:\/\/westfach.de\/fr\/wp-json\/wp\/v2\/tags?post=2881"}],"curies":[{"name":"wp","href":"https:\/\/api.w.org\/{rel}","templated":true}]}}