{"id":2211,"date":"2020-10-22T22:31:31","date_gmt":"2020-10-22T20:31:31","guid":{"rendered":"https:\/\/westfach.de\/?page_id=2211"},"modified":"2020-12-11T21:43:39","modified_gmt":"2020-12-11T20:43:39","slug":"dennis-lohmann","status":"publish","type":"page","link":"https:\/\/westfach.de\/fr\/dennis-lohmann\/","title":{"rendered":"Dennis Lohmann"},"content":{"rendered":"<p><a href=\"https:\/\/westfach.de\/wp-content\/uploads\/2020\/10\/IMG_0078.jpg\"><img loading=\"lazy\" decoding=\"async\" class=\"alignnone wp-image-2206\" src=\"https:\/\/westfach.de\/wp-content\/uploads\/2020\/10\/IMG_0078-300x300.jpg\" alt=\"\" width=\"304\" height=\"304\" srcset=\"https:\/\/westfach.de\/wp-content\/uploads\/2020\/10\/IMG_0078-300x300.jpg 300w, https:\/\/westfach.de\/wp-content\/uploads\/2020\/10\/IMG_0078-150x150.jpg 150w, https:\/\/westfach.de\/wp-content\/uploads\/2020\/10\/IMG_0078-768x768.jpg 768w, https:\/\/westfach.de\/wp-content\/uploads\/2020\/10\/IMG_0078.jpg 800w\" sizes=\"auto, (max-width: 304px) 100vw, 304px\" \/><\/a><\/p>\n<p><strong>Paperesk<\/strong> = Papercraft. <strong>Dennis Lohmann<\/strong>, Wahlleipziger, hat eine Designidee zu Wirklichkeit gemacht. Er reduzierte einige beliebte Motive aus unserer Wahrnehmung zu Fl\u00e4chen, Falzen und Verbindungspunkten. Hund, Katze, Cham\u00e4leon, Roboter, Telefon, Eichh\u00f6rnchen usw. wurden nun Flach und zum Bastelbogen.<\/p>\n<p><!--more--><\/p>\n<p>&nbsp;<\/p>\n<p><a href=\"https:\/\/westfach.de\/wp-content\/uploads\/2020\/10\/9Booklets.png\"><img loading=\"lazy\" decoding=\"async\" class=\"alignnone wp-image-2213\" src=\"https:\/\/westfach.de\/wp-content\/uploads\/2020\/10\/9Booklets-300x300.png\" alt=\"\" width=\"317\" height=\"317\" srcset=\"https:\/\/westfach.de\/wp-content\/uploads\/2020\/10\/9Booklets-300x300.png 300w, https:\/\/westfach.de\/wp-content\/uploads\/2020\/10\/9Booklets-150x150.png 150w, https:\/\/westfach.de\/wp-content\/uploads\/2020\/10\/9Booklets.png 688w\" sizes=\"auto, (max-width: 317px) 100vw, 317px\" \/><\/a><\/p>\n<p>Jeder Bastelbogen ist mit einer individuellen Schwierigkeitsgrad und einer etwaigen Basteldauerangabe versehen.<\/p>\n<p>&nbsp;<\/p>\n<div class=\"jetpack-video-wrapper\"><iframe loading=\"lazy\" title=\"paperesk is back on kickstarter - eye catching DIY papercraft models\" width=\"660\" height=\"371\" src=\"https:\/\/www.youtube.com\/embed\/CxYrkB1Bals?feature=oembed\" frameborder=\"0\" allow=\"accelerometer; autoplay; clipboard-write; encrypted-media; gyroscope; picture-in-picture; web-share\" referrerpolicy=\"strict-origin-when-cross-origin\" allowfullscreen><\/iframe><\/div>\n<p>Paperesk auf<strong> <a href=\"https:\/\/www.etsy.com\/de\/shop\/PAPERESKshop\">Etsy<\/a>.<\/strong>\u00a0 Dennis gew\u00e4hrt mit dem Code \u00ab\u00a0WESTFACH\u00a0\u00bb auf\u00a0 10% Rabatt<\/p>\n<p>Link zu: <a href=\"https:\/\/paperesk.com\/\">Paperesk<\/a><\/p>\n","protected":false},"excerpt":{"rendered":"<p>Paperesk = Papercraft. Dennis Lohmann, Wahlleipziger, hat eine Designidee zu Wirklichkeit gemacht. Er reduzierte einige beliebte Motive aus unserer Wahrnehmung zu Fl\u00e4chen, Falzen und Verbindungspunkten. Hund, Katze, Cham\u00e4leon, Roboter, Telefon, Eichh\u00f6rnchen usw. wurden nun Flach und zum Bastelbogen.<\/p>\n","protected":false},"author":2,"featured_media":0,"parent":0,"menu_order":0,"comment_status":"closed","ping_status":"closed","template":"","meta":{"_bbp_topic_count":0,"_bbp_reply_count":0,"_bbp_total_topic_count":0,"_bbp_total_reply_count":0,"_bbp_voice_count":0,"_bbp_anonymous_reply_count":0,"_bbp_topic_count_hidden":0,"_bbp_reply_count_hidden":0,"_bbp_forum_subforum_count":0,"_crdt_document":"","footnotes":""},"categories":[3],"tags":[],"class_list":["post-2211","page","type-page","status-publish","hentry","category-kuenstlerinnen-und-herstellerinnen"],"jetpack_sharing_enabled":true,"_links":{"self":[{"href":"https:\/\/westfach.de\/fr\/wp-json\/wp\/v2\/pages\/2211","targetHints":{"allow":["GET"]}}],"collection":[{"href":"https:\/\/westfach.de\/fr\/wp-json\/wp\/v2\/pages"}],"about":[{"href":"https:\/\/westfach.de\/fr\/wp-json\/wp\/v2\/types\/page"}],"author":[{"embeddable":true,"href":"https:\/\/westfach.de\/fr\/wp-json\/wp\/v2\/users\/2"}],"replies":[{"embeddable":true,"href":"https:\/\/westfach.de\/fr\/wp-json\/wp\/v2\/comments?post=2211"}],"version-history":[{"count":5,"href":"https:\/\/westfach.de\/fr\/wp-json\/wp\/v2\/pages\/2211\/revisions"}],"predecessor-version":[{"id":2374,"href":"https:\/\/westfach.de\/fr\/wp-json\/wp\/v2\/pages\/2211\/revisions\/2374"}],"wp:attachment":[{"href":"https:\/\/westfach.de\/fr\/wp-json\/wp\/v2\/media?parent=2211"}],"wp:term":[{"taxonomy":"category","embeddable":true,"href":"https:\/\/westfach.de\/fr\/wp-json\/wp\/v2\/categories?post=2211"},{"taxonomy":"post_tag","embeddable":true,"href":"https:\/\/westfach.de\/fr\/wp-json\/wp\/v2\/tags?post=2211"}],"curies":[{"name":"wp","href":"https:\/\/api.w.org\/{rel}","templated":true}]}}