{"id":1100,"date":"2016-09-20T22:50:01","date_gmt":"2016-09-20T20:50:01","guid":{"rendered":"https:\/\/westfach.de\/?page_id=1100"},"modified":"2020-11-29T21:55:07","modified_gmt":"2020-11-29T20:55:07","slug":"pflanzen-im-glas-glasbiotope","status":"publish","type":"page","link":"https:\/\/westfach.de\/fr\/pflanzen-im-glas-glasbiotope\/","title":{"rendered":"Plantes en bocaux. Biotopes sous verre!"},"content":{"rendered":"<p><a href=\"https:\/\/westfach.de\/wp-content\/uploads\/2016\/05\/DSC_3202.jpg\"><img loading=\"lazy\" decoding=\"async\" class=\"alignnone wp-image-397\" src=\"https:\/\/westfach.de\/wp-content\/uploads\/2016\/05\/DSC_3202-300x200.jpg\" alt=\"DSC_3202\" width=\"395\" height=\"263\" srcset=\"https:\/\/westfach.de\/wp-content\/uploads\/2016\/05\/DSC_3202-300x200.jpg 300w, https:\/\/westfach.de\/wp-content\/uploads\/2016\/05\/DSC_3202-768x512.jpg 768w, https:\/\/westfach.de\/wp-content\/uploads\/2016\/05\/DSC_3202-1024x683.jpg 1024w, https:\/\/westfach.de\/wp-content\/uploads\/2016\/05\/DSC_3202.jpg 1600w\" sizes=\"auto, (max-width: 395px) 100vw, 395px\" \/><\/a><\/p>\n<p align=\"justify\">Marco Nogueira, geboren in Rio de Janeiro in Brasilien, lebt seit 2015 in Deutschland. Aktuell stellt er Glasbiotope in Gl\u00e4ser her, in verschiedenen Gr\u00f6\u00dfen &#8211; von kleinsten Flaschen bis zu gro\u00dfen Weinballons. Ihn interessiert, wie er ein Mikroklima schaffen kann, in dem sich Pflanzen wohlf\u00fchlen, wachsen und gedeihen. \u00ab\u00a0<span style=\"color: #1a1a1a;\"><span style=\"font-size: medium;\">Au\u00dferdem erforsche ich aktuell, wie man aus den Pflanzen Energie gewinnen kann, z.B. um gleichzeitig noch eine Lampe leuchten lassen zu k\u00f6nnen.\u00a0\u00bb<\/span><\/span><\/p>\n<p align=\"justify\"><!--more--><\/p>\n<p align=\"justify\">Die Glasbiotope stellen nur Miniaturen und \u00dcbungen dar, f\u00fcr gr\u00f6\u00dfere Projekte, in welchen er durch den Bau von geod\u00e4tischen Domen einen Lebensraum zum Wohlf\u00fchlen schaffen will. Dazu hat er in Brasilien Baumaterialien wie Bambus erforscht. Er ist dabei weitere Elemente zu untersuchen, um nachhaltige, sich selbst erhaltende, zukunftsf\u00e4hige \u00d6kosysteme zum Pflanzenanbau und f\u00fcr den Wohnraum zu schaffen.<\/p>\n<p align=\"center\"><b>Glasbiotope<\/b><\/p>\n<p align=\"justify\"><span style=\"color: #1a1a1a;\">Die Glasbiotope werden handgemacht und liebevoll mit nat\u00fcrlich verschiedenfarbiger Erde und Lehm gestaltet, die vorwiegend in der sch\u00f6nen Natur Sachsens gesammelt wurden. Sie werden dann mit einer Fittonia Pflanze (in S\u00fcdamerika heimisch) und Moos bepflanzt. Wenn das Glas gut geschlossen bleibt, stabilisiert sich ein geschlossener Kreislauf, es entsteht ein Mikroklima. Die Pflanze muss nicht gegossen \u2013 das vorhandene Wasser zirkuliert.<\/span><\/p>\n<p align=\"justify\"><a name=\"_GoBack\"><\/a> <span style=\"color: #1a1a1a;\">Das Glas sollte nicht in die direkte Sonne gestellt werden, die Fittonia mag es zwar hell, aber mag kein direktes Sonnenlicht! Au\u00dferdem erhitzt sich sonst das Glas und die Pflanzen verbrennen. Bei viel Licht (direkte Sonne) bilden sich au\u00dferdem Algen im Erdmuster.<\/span><\/p>\n<p align=\"justify\"><span style=\"color: #1a1a1a;\">Die Pflanze w\u00e4chst und kann bei Bedarf zur\u00fcckgeschnitten werden. Beim Zur\u00fcckschneiden k\u00f6nnen einfach die gro\u00dfen Bl\u00e4tter abgeschnitten werden. Sie muss aber nicht zur\u00fcckgeschnitten werden, die Pflanze passt sich ihrem Lebensraum an. <\/span><\/p>\n<p align=\"justify\"><span style=\"color: #1a1a1a;\">Fragen, Bestellungen, Neubepflanzungen, Sonderanfertigungen (eigene leere Gl\u00e4ser d\u00fcrfen auch zur Bepflanzung gebracht werden): <\/span><a href=\"mailto:glasbiotop@gmail.com\"><span style=\"color: #0049c1;\"><u>glasbiotop@gmail.com<\/u><\/span><\/a><\/p>\n<p align=\"justify\"><span style=\"font-size: large;\"><b>H\u00e4ufig gestellte Fragen<\/b><\/span><\/p>\n<p align=\"justify\"><i><b>Braucht die Pflanze kein Wasser, muss sie nicht gegossen werden?<\/b><\/i><\/p>\n<p align=\"justify\">Nein, das vorhandene Wasser zirkuliert. Durch den geschlossenen Deckel kann es nicht verdunsten. Es ist gen\u00fcgend Wasser im Glas; Erde und Moos haben und speichern so viel Wasser, wie das kleine Mikrosystem braucht.<\/p>\n<p align=\"justify\">Wenn das Glas offen ist, verdunstet das Wasser mit der Zeit \u2013 und die Pflanze sollte regelm\u00e4\u00dfig mit Wasser bespr\u00fcht werden (wie eine Topfpflanze).<\/p>\n<p align=\"justify\"><i><b>Braucht die Pflanze keinen Sauerstoff?<\/b><\/i><\/p>\n<p align=\"justify\">Den produziert sich die Pflanze selbst, tags\u00fcber (Photosynthese). Und nachts verbraucht sie Sauerstoff und produziert Kohlendioxid. Der Deckel muss deswegen NICHT ge\u00f6ffnet werden.<\/p>\n<p align=\"justify\"><i><b>W\u00e4chst die Pflanze noch?<\/b><\/i><\/p>\n<p align=\"justify\">Ja. Fittonia wird nicht sehr gro\u00df. Sie kann aber einfach zur\u00fcckgeschnitten werden, dann sollte man die gro\u00dfen Bl\u00e4tter wegschneiden \u2013 und die Pflanze w\u00e4chst weiter. Man muss die Pflanze aber nicht schneiden, sie sucht sich ihren Platz, f\u00fcllt vielleicht das ganze Glas aus. Auch das Moos w\u00e4chst. Mit mehr Licht wachsen die Pflanzen mehr und schneller. Durch den geschlossenen Deckel wachsen die Pflanzen aber etwas weniger schnell als bei ge\u00f6ffneten Deckel \/ im Blumentopf.<\/p>\n<p align=\"justify\"><i><b>Wie lange h\u00e4lt die Pflanze?<\/b><\/i><\/p>\n<p align=\"justify\">Solang wie andere Pflanzen \u2013 also solang sich die Pflanze wohlf\u00fchlt. An einem ungeeigneten Standort (mit zu wenig oder zu viel Licht oder mit zu gro\u00dfen Temperaturschwankungen) wird die Pflanze eingehen.<\/p>\n<p align=\"justify\"><i><b>Muss die Pflanze nicht ged\u00fcngt werden?<\/b><\/i><\/p>\n<p align=\"justify\">Nein. Das Glas enth\u00e4lt gute Erde mit gen\u00fcgend N\u00e4hrstoffen f\u00fcr die Pflanze.<\/p>\n<p align=\"justify\"><i><b>Kann das Muster verrutschen?<\/b><\/i><\/p>\n<p align=\"justify\">Das Muster ist durch Erde gestaltet. Diese hat sich mit Wasser vollgesaugt. Dadurch ist eine gewisse Stabilit\u00e4t, das Muster ist fest. Mit Sand w\u00fcrde das Muster verrutschen. Trotzdem darf das Glas nicht gegen harte Gegenst\u00e4nde oder harte Untergr\u00fcnde geschlagen werden \u2013 dann geht auch das Muster aus Erde kaputt.<\/p>\n<p align=\"justify\">Eventuell kann nach Jahren das Muster durch die Wurzeln der Pflanze durchsetzt werden.<\/p>\n<p align=\"justify\"><i><b>Schimmelt das Glas nicht?<\/b><\/i><\/p>\n<p align=\"justify\">Das haben wir noch nicht beobachtet, k\u00f6nnen es aber auch nicht ausschlie\u00dfen. Das System hat im Moment so viel Wasser wie es braucht und aufnehmen kann. Zu viel Wasser k\u00f6nnte zu Schimmel f\u00fchren. Oder Schadstoffe im Glas k\u00f6nnten zu Schimmel f\u00fchren. Durch den geschlossenen Deckel k\u00f6nnen aber keine Schadstoffe, Keime oder Pilze eintreten.<\/p>\n<p align=\"justify\"><i><b>Woher kommt die Pflanze?<\/b><\/i><\/p>\n<p align=\"justify\">Aus S\u00fcdamerika. Sie w\u00e4chst zum Beispiel im tropischen Regenwald unter den Bl\u00e4ttern anderer Pflanzen. Die Pflanze mag ein feuchtes Klima und sie ist recht resistent. Deswegen ist sie sehr gut f\u00fcr so ein kleines Mikroklima im Glas geeignet. Es gibt verschiedene Arten und Farben dieser Pflanze, z.B. wei\u00df-gr\u00fcn oder rot gr\u00fcn &#8230;<\/p>\n<p align=\"justify\"><i><b>K\u00f6nnen auch andere Pflanzen in das Glas gepflanzt werden?<\/b><\/i><\/p>\n<p align=\"justify\">Sicher. Aber wir haben bisher die meisten Erfahrungen mit der Fittonia gesammelt.<\/p>\n","protected":false},"excerpt":{"rendered":"<p>Marco Nogueira, geboren in Rio de Janeiro in Brasilien, lebt seit 2015 in Deutschland. Aktuell stellt er Glasbiotope in Gl\u00e4ser her, in verschiedenen Gr\u00f6\u00dfen &#8211; von kleinsten Flaschen bis zu gro\u00dfen Weinballons. Ihn interessiert, wie er ein Mikroklima schaffen kann, in dem sich Pflanzen wohlf\u00fchlen, wachsen und gedeihen. \u00ab\u00a0Au\u00dferdem erforsche ich aktuell, wie man aus &hellip; <a href=\"https:\/\/westfach.de\/fr\/pflanzen-im-glas-glasbiotope\/\" class=\"more-link\">Continuer la lecture de <span class=\"screen-reader-text\">Plantes en bocaux. Biotopes sous verre!<\/span><\/a><\/p>\n","protected":false},"author":2,"featured_media":0,"parent":0,"menu_order":1,"comment_status":"closed","ping_status":"closed","template":"","meta":{"_bbp_topic_count":0,"_bbp_reply_count":0,"_bbp_total_topic_count":0,"_bbp_total_reply_count":0,"_bbp_voice_count":0,"_bbp_anonymous_reply_count":0,"_bbp_topic_count_hidden":0,"_bbp_reply_count_hidden":0,"_bbp_forum_subforum_count":0,"_crdt_document":"","footnotes":""},"categories":[3],"tags":[87,91,86,88,85,89,90],"class_list":["post-1100","page","type-page","status-publish","hentry","category-kuenstlerinnen-und-herstellerinnen","tag-biotope","tag-brasilien","tag-fittonia","tag-glasbiotope","tag-marco-nogueira","tag-pflanzen-im-glas","tag-westfach"],"jetpack_sharing_enabled":true,"_links":{"self":[{"href":"https:\/\/westfach.de\/fr\/wp-json\/wp\/v2\/pages\/1100","targetHints":{"allow":["GET"]}}],"collection":[{"href":"https:\/\/westfach.de\/fr\/wp-json\/wp\/v2\/pages"}],"about":[{"href":"https:\/\/westfach.de\/fr\/wp-json\/wp\/v2\/types\/page"}],"author":[{"embeddable":true,"href":"https:\/\/westfach.de\/fr\/wp-json\/wp\/v2\/users\/2"}],"replies":[{"embeddable":true,"href":"https:\/\/westfach.de\/fr\/wp-json\/wp\/v2\/comments?post=1100"}],"version-history":[{"count":10,"href":"https:\/\/westfach.de\/fr\/wp-json\/wp\/v2\/pages\/1100\/revisions"}],"predecessor-version":[{"id":2354,"href":"https:\/\/westfach.de\/fr\/wp-json\/wp\/v2\/pages\/1100\/revisions\/2354"}],"wp:attachment":[{"href":"https:\/\/westfach.de\/fr\/wp-json\/wp\/v2\/media?parent=1100"}],"wp:term":[{"taxonomy":"category","embeddable":true,"href":"https:\/\/westfach.de\/fr\/wp-json\/wp\/v2\/categories?post=1100"},{"taxonomy":"post_tag","embeddable":true,"href":"https:\/\/westfach.de\/fr\/wp-json\/wp\/v2\/tags?post=1100"}],"curies":[{"name":"wp","href":"https:\/\/api.w.org\/{rel}","templated":true}]}}