{"id":563,"date":"2016-06-06T17:32:52","date_gmt":"2016-06-06T15:32:52","guid":{"rendered":"https:\/\/westfach.de\/?page_id=563"},"modified":"2020-10-25T19:33:46","modified_gmt":"2020-10-25T18:33:46","slug":"marcel-schreiter","status":"publish","type":"page","link":"https:\/\/westfach.de\/en\/marcel-schreiter\/","title":{"rendered":"Marcel Schreiter"},"content":{"rendered":"<p><a href=\"https:\/\/westfach.de\/wp-content\/uploads\/2016\/06\/IMG_8270.jpg\"><img loading=\"lazy\" decoding=\"async\" class=\"alignnone size-medium wp-image-564\" src=\"https:\/\/westfach.de\/wp-content\/uploads\/2016\/06\/IMG_8270-300x200.jpg\" alt=\"IMG_8270\" width=\"300\" height=\"200\" srcset=\"https:\/\/westfach.de\/wp-content\/uploads\/2016\/06\/IMG_8270-300x200.jpg 300w, https:\/\/westfach.de\/wp-content\/uploads\/2016\/06\/IMG_8270-768x512.jpg 768w, https:\/\/westfach.de\/wp-content\/uploads\/2016\/06\/IMG_8270-1024x683.jpg 1024w, https:\/\/westfach.de\/wp-content\/uploads\/2016\/06\/IMG_8270.jpg 1600w\" sizes=\"auto, (max-width: 300px) 100vw, 300px\" \/><\/a><\/p>\n<p>Marcel Schreiter baut <strong>&#8220;Cigar-Box-Guitars&#8221;.<\/strong><\/p>\n<p>Ungern seinen Ursprungsort erw\u00e4hnend, lebt Marcel seit circa 10 Jahren in Leipzig und auf dem Lande. Nach Gelegenheitsjobs, einem Studium zum\u00a0Medien- Kultur- und Filmwissenschaftler und diversen Auslandsaufenthalten ist er immer noch im Stadtteil unterwegs.<\/p>\n<p><!--more--><\/p>\n<p>Die letzten Jahre widmete er sich Osteuropa. Gegenw\u00e4rtig produziert er einen Dokumentarfilm in Rum\u00e4nien. Dar\u00fcber hinaus hat er sich mit Dokumentarphotographie besch\u00e4ftigt. Seine Aufnahmen sind Gepr\u00e4ge seiner eigenen Vergangenheit mit dem Blick auf vermeintlich leicht \u00dcbersehbares. Dabei stehen seine Photographien f\u00fcr Geschichten, die das Leben so hinschreibt; jedoch genau in dem Moment eingefangen, wo sie aus sich heraus erz\u00e4hlt werden k\u00f6nnen.\u00a0 (<a href=\"http:\/\/kirschbaum-pictures.de\/\">http:\/\/kirschbaum-pictures.de)<\/a><\/p>\n<p>Gelegentlich widmet sich Marcel aber auch der Konstruktion von:<\/p>\n<p><strong>&#8220;Cigar-Box-Guitars&#8221;<\/strong><\/p>\n<p>&#8220;Irgendwann kam der Blues. Und dass Zwangsl\u00e4ufig; denn wer die Augen vor der Welt nicht verschlie\u00dft, kommt zwangsl\u00e4ufig zum Blues.&#8221;<\/p>\n<p><a href=\"https:\/\/westfach.de\/wp-content\/uploads\/2016\/05\/IMG_0706n.jpg\"><img loading=\"lazy\" decoding=\"async\" class=\"alignnone size-medium wp-image-486\" src=\"https:\/\/westfach.de\/wp-content\/uploads\/2016\/05\/IMG_0706n-300x185.jpg\" alt=\"IMG_0706n\" width=\"300\" height=\"185\" srcset=\"https:\/\/westfach.de\/wp-content\/uploads\/2016\/05\/IMG_0706n-300x185.jpg 300w, https:\/\/westfach.de\/wp-content\/uploads\/2016\/05\/IMG_0706n-768x474.jpg 768w, https:\/\/westfach.de\/wp-content\/uploads\/2016\/05\/IMG_0706n-1024x632.jpg 1024w, https:\/\/westfach.de\/wp-content\/uploads\/2016\/05\/IMG_0706n-825x510.jpg 825w, https:\/\/westfach.de\/wp-content\/uploads\/2016\/05\/IMG_0706n.jpg 1600w\" sizes=\"auto, (max-width: 300px) 100vw, 300px\" \/><\/a><\/p>\n<p>Blues als Lebensgef\u00fchl, Ausdrucksmittel und Verb\u00fcndeten: Dazu bedarf nicht unbedingt einem Musikstudium oder einer Gitarrenbau- Ausbildung. Es braucht Saiten, eine (Zigarren-)Kiste, Schrauben, Holz und etwas Geschmack beim zusammenbringen. Dazu: Zeit. Spielfreude. Und etwas Blues.<\/p>\n<p><a href=\"https:\/\/westfach.de\/wp-content\/uploads\/2016\/05\/IMG_0717n.jpg\"><img loading=\"lazy\" decoding=\"async\" class=\"alignnone size-medium wp-image-485\" src=\"https:\/\/westfach.de\/wp-content\/uploads\/2016\/05\/IMG_0717n-300x186.jpg\" alt=\"IMG_0717n\" width=\"300\" height=\"186\" srcset=\"https:\/\/westfach.de\/wp-content\/uploads\/2016\/05\/IMG_0717n-300x186.jpg 300w, https:\/\/westfach.de\/wp-content\/uploads\/2016\/05\/IMG_0717n-768x475.jpg 768w, https:\/\/westfach.de\/wp-content\/uploads\/2016\/05\/IMG_0717n-1024x634.jpg 1024w, https:\/\/westfach.de\/wp-content\/uploads\/2016\/05\/IMG_0717n-825x510.jpg 825w, https:\/\/westfach.de\/wp-content\/uploads\/2016\/05\/IMG_0717n.jpg 1600w\" sizes=\"auto, (max-width: 300px) 100vw, 300px\" \/><\/a><\/p>\n<p>Jede &#8220;Cigar-Box-Guitar&#8221; ist ein Unikat. Zwei Modelle sind im WestFach zu sehen, zu spielen und auch zu erwerben. Es gibt einen Verst\u00e4rker und auch Bottle neck&#8217;s.\u00a0 Also: Ausprobieren!<\/p>\n<p>t.<\/p>\n<hr \/>\n<p><em>&#8220;CBG &#8211; Cigar Box Guitars &#8211; The grandfather of the blues guitar<\/em><\/p>\n<p><em>Urspr\u00fcnglich wurden diese, aus Zigarrenkisten gebauten Instrumente in den USA von den Wanderarbeitern und Sklaven entwickelt, da Instrumente teuer und schwer zug\u00e4nglich waren. \u00a0\u00a0\u00a0\u00a0\u00a0\u00a0\u00a0\u00a0\u00a0\u00a0\u00a0\u00a0\u00a0\u00a0\u00a0\u00a0\u00a0\u00a0\u00a0\u00a0\u00a0\u00a0\u00a0\u00a0\u00a0\u00a0\u00a0\u00a0\u00a0\u00a0\u00a0\u00a0\u00a0\u00a0\u00a0\u00a0\u00a0\u00a0\u00a0\u00a0\u00a0\u00a0\u00a0\u00a0\u00a0\u00a0\u00a0\u00a0\u00a0\u00a0\u00a0\u00a0\u00a0\u00a0\u00a0\u00a0\u00a0\u00a0\u00a0\u00a0\u00a0\u00a0\u00a0\u00a0\u00a0\u00a0\u00a0\u00a0\u00a0\u00a0\u00a0\u00a0\u00a0\u00a0\u00a0\u00a0\u00a0\u00a0\u00a0\u00a0\u00a0\u00a0\u00a0\u00a0\u00a0\u00a0\u00a0\u00a0\u00a0\u00a0\u00a0\u00a0\u00a0\u00a0\u00a0\u00a0\u00a0\u00a0\u00a0\u00a0\u00a0\u00a0 <\/em><\/p>\n<p><em>Bis heute gelten sie als die Ursprungsinstrumente des Blues. Und das ist auch genau der Stil f\u00fcr welchen die Gitarren ausgelegt sind. Dabei gibt es nur eine Regel: Es gibt keine Regeln. Es gibt nur den Blues. Daher gibt es auch alle m\u00f6glichen Varianten, wie z.B. das klassische Diddley Bow mit einer Saite, Gitarren bis hin zu 12 Saitern, Banjo, Fiddel, Bass usw.\u00a0\u00a0\u00a0\u00a0\u00a0\u00a0\u00a0\u00a0\u00a0\u00a0\u00a0\u00a0\u00a0\u00a0\u00a0\u00a0\u00a0\u00a0\u00a0\u00a0\u00a0\u00a0\u00a0\u00a0\u00a0\u00a0\u00a0\u00a0\u00a0\u00a0\u00a0\u00a0\u00a0\u00a0\u00a0\u00a0\u00a0\u00a0\u00a0\u00a0\u00a0\u00a0\u00a0\u00a0\u00a0\u00a0\u00a0\u00a0\u00a0\u00a0\u00a0\u00a0\u00a0\u00a0\u00a0\u00a0\u00a0\u00a0\u00a0\u00a0\u00a0 <\/em><\/p>\n<p><em>Gespielt werden die Gitarren zumeist mit dem Bottle neck Slide, daher auch der hohe Abstand von Saite zu Griffbrett. Bei der Stimmung ist ebenfalls alles m\u00f6glich. Wobei die klassische 3 Saiter auf ein offenes G gestimmt wird, also GDG. Und so hat auch jede Gitarre ihren eigenen, unverkennbaren und oftmals rauen Sound.<\/em><\/p>\n<p><em>In den letzten Jahren kam dann noch der Tonabnehmer f\u00fcr den Verst\u00e4rker hinzu, welcher die M\u00f6glichkeiten der Soundgestaltung um einiges erweitert hat und eine erneutes Aufleben des Kultes bewirkt hat.&#8221;<br \/>\n<\/em><\/p>\n<p>M.Schreiter<\/p>\n<p>&nbsp;<\/p>\n<div class=\"jetpack-video-wrapper\"><iframe loading=\"lazy\" title=\"Filthy Lucre - Hand Made (Official Video)\" src=\"https:\/\/player.vimeo.com\/video\/106707854?dnt=1&amp;app_id=122963\" width=\"660\" height=\"281\" frameborder=\"0\" allow=\"autoplay; fullscreen; picture-in-picture; clipboard-write\"><\/iframe><\/div>\n<p>&nbsp;<\/p>\n<p>&nbsp;<\/p>\n<p>https:\/\/vimeo.com\/148077663<\/p>\n<p>&nbsp;<\/p>\n<p>&nbsp;<\/p>\n<div><\/div>\n<div><\/div>\n","protected":false},"excerpt":{"rendered":"<p>Marcel Schreiter baut &#8220;Cigar-Box-Guitars&#8221;. Ungern seinen Ursprungsort erw\u00e4hnend, lebt Marcel seit circa 10 Jahren in Leipzig und auf dem Lande. Nach Gelegenheitsjobs, einem Studium zum\u00a0Medien- Kultur- und Filmwissenschaftler und diversen Auslandsaufenthalten ist er immer noch im Stadtteil unterwegs.<\/p>\n","protected":false},"author":2,"featured_media":0,"parent":0,"menu_order":26,"comment_status":"closed","ping_status":"closed","template":"","meta":{"_bbp_topic_count":0,"_bbp_reply_count":0,"_bbp_total_topic_count":0,"_bbp_total_reply_count":0,"_bbp_voice_count":0,"_bbp_anonymous_reply_count":0,"_bbp_topic_count_hidden":0,"_bbp_reply_count_hidden":0,"_bbp_forum_subforum_count":0,"_crdt_document":"","footnotes":""},"categories":[3],"tags":[157,158,122,159,98,153,162,156,160,121,161,154,155],"class_list":["post-563","page","type-page","status-publish","hentry","category-kuenstlerinnen-und-herstellerinnen","tag-dok","tag-dokumentarfilm","tag-fotografie","tag-kultur","tag-leipzig","tag-marcel","tag-medien","tag-osteuropa","tag-paedagogik","tag-photographie","tag-rumaenien","tag-schreiter","tag-video"],"jetpack_sharing_enabled":true,"_links":{"self":[{"href":"https:\/\/westfach.de\/en\/wp-json\/wp\/v2\/pages\/563","targetHints":{"allow":["GET"]}}],"collection":[{"href":"https:\/\/westfach.de\/en\/wp-json\/wp\/v2\/pages"}],"about":[{"href":"https:\/\/westfach.de\/en\/wp-json\/wp\/v2\/types\/page"}],"author":[{"embeddable":true,"href":"https:\/\/westfach.de\/en\/wp-json\/wp\/v2\/users\/2"}],"replies":[{"embeddable":true,"href":"https:\/\/westfach.de\/en\/wp-json\/wp\/v2\/comments?post=563"}],"version-history":[{"count":39,"href":"https:\/\/westfach.de\/en\/wp-json\/wp\/v2\/pages\/563\/revisions"}],"predecessor-version":[{"id":2242,"href":"https:\/\/westfach.de\/en\/wp-json\/wp\/v2\/pages\/563\/revisions\/2242"}],"wp:attachment":[{"href":"https:\/\/westfach.de\/en\/wp-json\/wp\/v2\/media?parent=563"}],"wp:term":[{"taxonomy":"category","embeddable":true,"href":"https:\/\/westfach.de\/en\/wp-json\/wp\/v2\/categories?post=563"},{"taxonomy":"post_tag","embeddable":true,"href":"https:\/\/westfach.de\/en\/wp-json\/wp\/v2\/tags?post=563"}],"curies":[{"name":"wp","href":"https:\/\/api.w.org\/{rel}","templated":true}]}}