{"id":3110,"date":"2025-11-10T16:50:15","date_gmt":"2025-11-10T15:50:15","guid":{"rendered":"https:\/\/westfach.de\/?page_id=3110"},"modified":"2025-11-12T20:18:07","modified_gmt":"2025-11-12T19:18:07","slug":"felizitasimmer","status":"publish","type":"page","link":"https:\/\/westfach.de\/en\/felizitasimmer\/","title":{"rendered":"Felizitas:Immer"},"content":{"rendered":"<p><a href=\"https:\/\/westfach.de\/wp-content\/uploads\/2025\/11\/dfg.jpg\"><img loading=\"lazy\" decoding=\"async\" class=\"alignnone  wp-image-3116\" src=\"https:\/\/westfach.de\/wp-content\/uploads\/2025\/11\/dfg-200x300.jpg\" alt=\"\" width=\"389\" height=\"584\" srcset=\"https:\/\/westfach.de\/wp-content\/uploads\/2025\/11\/dfg-200x300.jpg 200w, https:\/\/westfach.de\/wp-content\/uploads\/2025\/11\/dfg.jpg 471w\" sizes=\"auto, (max-width: 389px) 100vw, 389px\" \/><\/a><\/p>\n<p>\u201c<span style=\"font-family: Palatino Linotype, serif;\"><span style=\"font-size: small;\"><span style=\"font-family: Liberation Serif, serif;\"><span style=\"font-size: medium;\">Mir gef\u00e4llt das Konzept, dass ich <\/span><\/span><em><span style=\"font-family: Liberation Serif, serif;\"><span style=\"font-size: medium;\">nichts<\/span><\/span><\/em> <span style=\"font-family: Liberation Serif, serif;\"><span style=\"font-size: medium;\">bin, und deshalb kann ich alles sein, K\u00fcnstlerin, \u00c4rztin, Pianistin, was auch immer. Wenn ich das Gef\u00fchl habe, diese oder jene Arbeit sei jetzt richtig, dann folge ich dem, bis die Idee Blut, Knochen und Fleisch bekommen hat und damit vollendet ist.\u201d<\/span><\/span><\/span><\/span><\/p>\n<p><!--more--><\/p>\n<p><span style=\"font-family: Liberation Serif, serif;\">2023 \u2013 2024 enstand die Serie der Bilder \u201eDie Befreiung. Schritt 1\u201c. Alle Bilder der Serie entstanden in einer Zeit des Wandels, als ich die Entscheidung traf, meine T\u00e4tigkeit als Psychiaterin vollst\u00e4ndig aufzugeben und mich ganz der Kunst zu widmen. Mit diesem Entschluss verlie\u00df ich die breiten, sicher erscheinenden Stra\u00dfen des vorgezeichneten Lebenswegs \u2013 und wandte mich dem Unbekannten zu.<\/span><\/p>\n<p><a href=\"https:\/\/westfach.de\/wp-content\/uploads\/2025\/11\/5229120437072105345.jpg\"><img loading=\"lazy\" decoding=\"async\" class=\"alignnone wp-image-3103\" src=\"https:\/\/westfach.de\/wp-content\/uploads\/2025\/11\/5229120437072105345-220x300.jpg\" alt=\"\" width=\"387\" height=\"528\" srcset=\"https:\/\/westfach.de\/wp-content\/uploads\/2025\/11\/5229120437072105345-220x300.jpg 220w, https:\/\/westfach.de\/wp-content\/uploads\/2025\/11\/5229120437072105345-749x1024.jpg 749w, https:\/\/westfach.de\/wp-content\/uploads\/2025\/11\/5229120437072105345-768x1050.jpg 768w, https:\/\/westfach.de\/wp-content\/uploads\/2025\/11\/5229120437072105345.jpg 878w\" sizes=\"auto, (max-width: 387px) 100vw, 387px\" \/><\/a><\/p>\n<p><span style=\"font-family: Liberation Serif, serif;\">Dieses Unbekannte, ist das ureigene Wesen \u2013 eingeschlossen in Schichten aus Erfahrungen und Pr\u00e4gungen der eigenen Entwicklung \u2013 das unaufh\u00f6rlich nach Befreiung dr\u00e4ngt. Indem diese H\u00fcllen sichtbar werden, verlieren sie ihre Macht. Was bislang unh\u00f6rbar war, beginnt zu sprechen.<\/span><\/p>\n<p><span style=\"font-family: Liberation Serif, serif;\">Befreiung \u2013 sie ist f\u00fcr mich wie die Stille eines vergehenden Tages. Ein fl\u00fcchtiger Moment, in dem die Gegenwart zur Vergangenheit wird. Es ist eine Beobachtung \u2013 oder im Falle der Befreiung: eine Entscheidung. Eine Beobachtung, oder \u2013 besser gesagt \u2013 ein Innehalten, in dem alle Stimmen und Ger\u00e4usche f\u00fcr einen Augenblick verstummen. Und wenn diese Stille einmal da ist, gibt es keinen Weg zur\u00fcck.<\/span><\/p>\n<p><span style=\"font-family: Liberation Serif, serif;\">Niemand kann uns diese Stille des vergehenden Tages nehmen. Denn jeder tr\u00e4gt die eigene in sich.<\/span><\/p>\n<p><span style=\"font-family: Liberation Serif, serif;\">So verstehe ich Befreiung. Wie sie konkret aussieht, kann ich nicht allgemein beantworten. Ich kann nur meine eigene Suche danach zeigen.<\/span><\/p>\n<p>&nbsp;<\/p>\n<p><a href=\"https:\/\/westfach.de\/wp-content\/uploads\/2025\/11\/5229120437072105354.jpg\"><img loading=\"lazy\" decoding=\"async\" class=\"alignnone wp-image-3104\" src=\"https:\/\/westfach.de\/wp-content\/uploads\/2025\/11\/5229120437072105354-231x300.jpg\" alt=\"\" width=\"311\" height=\"404\" srcset=\"https:\/\/westfach.de\/wp-content\/uploads\/2025\/11\/5229120437072105354-231x300.jpg 231w, https:\/\/westfach.de\/wp-content\/uploads\/2025\/11\/5229120437072105354-788x1024.jpg 788w, https:\/\/westfach.de\/wp-content\/uploads\/2025\/11\/5229120437072105354-768x998.jpg 768w, https:\/\/westfach.de\/wp-content\/uploads\/2025\/11\/5229120437072105354.jpg 923w\" sizes=\"auto, (max-width: 311px) 100vw, 311px\" \/><\/a><\/p>\n<p>&nbsp;<\/p>\n<p><span style=\"font-family: Liberation Serif, serif;\">2024 \u2013 2025 entstand die Serie \u201eScharade\u201c. Ich habe ich mir folgende Frage gestellt: Wenn mein Leben ein Buch w\u00e4re, wie w\u00fcrde es hei\u00dfen? \u201eDie unendliche Suche\u201c, sagte ich damals zu Gambetti. <\/span><\/p>\n<p><span style=\"font-family: Liberation Serif, serif;\">Was man sieht, ist nicht, was man sucht.<\/span><\/p>\n<p><span style=\"font-family: Liberation Serif, serif;\">Scharade \u2013 ist ein \u201eGesellschaftsspiel, bei dem aus einer pantomimischen Darstellung ein Wort erraten werden soll\u201c. Unter Scharade kann auch eine Heuchelei oder eine T\u00e4uschung verstanden werden. <\/span><\/p>\n<p><span style=\"font-family: Liberation Serif, serif;\">Die Bedeutungen dieses Namens verbinden all die Werke wie ein roter Faden. <\/span><\/p>\n<p><span style=\"font-family: Liberation Serif, serif;\">Ein Spiel: Wer spielt hier mit wem? Wer entlarvt, wer verh\u00fcllt? Oder ist es vielleicht ein Spiegel oder nur eine Fassade? Doch hinter jeder Fassade steckt auch ein Fragment Wahrheit. <\/span><\/p>\n<p><span style=\"font-family: Liberation Serif, serif;\">Mit diesem Werk will ich einen neuen Raum \u00f6ffnen. Einen Raum, den ich nicht erkl\u00e4ren, sondern nur andeuten kann. Die Themen der Bilder bewegen sich zwischen Inszenierung und Offenbarung, zwischen Farbe und Bedeutung, zwischen Salzigem und Warmem. Ein tagt\u00e4gliches Ritual der T\u00e4uschung. Wie k\u00f6nnen Sie sich sicher sein, dass Ihre Wahrnehmung Sie nicht t\u00e4uscht? Wo beginnt die L\u00fcge, und wo endet die Offenbarung? Wo beginnt die Offenbarung und endet die L\u00fcge? Die Schichten sind zahllos und das Spiel ist nie zu Ende.<\/span><\/p>\n<p><span style=\"font-family: Liberation Serif, serif;\">Die Bilder dieser Serie sind keine Geschichten. Sie sind Fragen. Eine Einladung, tiefer zu blicken \u2013 gerne mit einem Augenzwinkern. Denn wer zu tief hinschaut, verliert die Leichtigkeit. Wer aber zu leicht bleibt, verpasst die Tiefe.<\/span><\/p>\n<p><span style=\"font-family: Liberation Serif, serif;\">Eine Scharade fordert heraus. Sie l\u00e4sst sich nicht fassen. Sie lebt von der Spannung zwischen dem, was wir sehen und dem, was wir nicht sehen wollen. Ein Akt der Befreiung \u2013 und gleichzeitig eine Falle.<\/span><\/p>\n<p><span style=\"font-family: Liberation Serif, serif;\">Im August 2025 habe ich angefangen, an der neuen Serie zu arbeiten. 4 Bilder aus dieser Serie sind gerade im Westfach zu sehen. <\/span><\/p>\n<p>&nbsp;<\/p>\n<p><strong><span style=\"font-family: Liberation Serif, serif;\">Die Dame mit dem H\u00fcndchen <\/span><span style=\"font-family: Liberation Serif, serif;\">(Dama s sobachkoj) <\/span><\/strong><span style=\"font-family: Liberation Serif, serif;\">2025 <\/span><span style=\"font-family: Liberation Serif, serif;\">120 x 120 cm <\/span><em><strong><span style=\"font-family: Liberation Serif, serif;\">Acryl auf Leinwand<\/span><\/strong><\/em><\/p>\n<p><strong><span style=\"font-family: Liberation Serif, serif;\">Meine St\u00fctzen <\/span><\/strong><span style=\"font-family: Liberation Serif, serif;\">2025 <\/span><span style=\"font-family: Liberation Serif, serif;\">120 x 120 cm <\/span><span style=\"font-family: Liberation Serif, serif;\">Eitempera und<em> <strong>Acryl auf Leinwand<\/strong> <\/em><\/span><\/p>\n<p><strong><span style=\"font-family: Liberation Serif, serif;\">Juni <\/span><\/strong><span style=\"font-family: Liberation Serif, serif;\">2025 <\/span><span style=\"font-family: Liberation Serif, serif;\">50 x 40 cm <\/span><span style=\"font-family: Liberation Serif, serif;\">Eitempera und <strong><em>Acryl auf Leinwand<\/em><\/strong><\/span><\/p>\n<p><span style=\"font-family: Liberation Serif, serif;\"><strong>November<\/strong> <\/span><span style=\"font-family: Liberation Serif, serif;\">2025 <\/span><span style=\"font-family: Liberation Serif, serif;\">40 x 50 cm <\/span><span style=\"font-family: Liberation Serif, serif;\">Eitempera und <strong><em>Acryl auf Leinwand<\/em><\/strong><\/span><\/p>\n<p><a href=\"https:\/\/www.instagram.com\/felizitas.immer\/\">Felizitas Immer auf instagram<\/a><\/p>\n","protected":false},"excerpt":{"rendered":"<p>\u201cMir gef\u00e4llt das Konzept, dass ich nichts bin, und deshalb kann ich alles sein, K\u00fcnstlerin, \u00c4rztin, Pianistin, was auch immer. Wenn ich das Gef\u00fchl habe, diese oder jene Arbeit sei jetzt richtig, dann folge ich dem, bis die Idee Blut, Knochen und Fleisch bekommen hat und damit vollendet ist.\u201d<\/p>\n","protected":false},"author":2,"featured_media":0,"parent":0,"menu_order":0,"comment_status":"closed","ping_status":"closed","template":"","meta":{"_bbp_topic_count":0,"_bbp_reply_count":0,"_bbp_total_topic_count":0,"_bbp_total_reply_count":0,"_bbp_voice_count":0,"_bbp_anonymous_reply_count":0,"_bbp_topic_count_hidden":0,"_bbp_reply_count_hidden":0,"_bbp_forum_subforum_count":0,"_crdt_document":"","footnotes":""},"categories":[3],"tags":[],"class_list":["post-3110","page","type-page","status-publish","hentry","category-kuenstlerinnen-und-herstellerinnen"],"jetpack_sharing_enabled":true,"_links":{"self":[{"href":"https:\/\/westfach.de\/en\/wp-json\/wp\/v2\/pages\/3110","targetHints":{"allow":["GET"]}}],"collection":[{"href":"https:\/\/westfach.de\/en\/wp-json\/wp\/v2\/pages"}],"about":[{"href":"https:\/\/westfach.de\/en\/wp-json\/wp\/v2\/types\/page"}],"author":[{"embeddable":true,"href":"https:\/\/westfach.de\/en\/wp-json\/wp\/v2\/users\/2"}],"replies":[{"embeddable":true,"href":"https:\/\/westfach.de\/en\/wp-json\/wp\/v2\/comments?post=3110"}],"version-history":[{"count":4,"href":"https:\/\/westfach.de\/en\/wp-json\/wp\/v2\/pages\/3110\/revisions"}],"predecessor-version":[{"id":3118,"href":"https:\/\/westfach.de\/en\/wp-json\/wp\/v2\/pages\/3110\/revisions\/3118"}],"wp:attachment":[{"href":"https:\/\/westfach.de\/en\/wp-json\/wp\/v2\/media?parent=3110"}],"wp:term":[{"taxonomy":"category","embeddable":true,"href":"https:\/\/westfach.de\/en\/wp-json\/wp\/v2\/categories?post=3110"},{"taxonomy":"post_tag","embeddable":true,"href":"https:\/\/westfach.de\/en\/wp-json\/wp\/v2\/tags?post=3110"}],"curies":[{"name":"wp","href":"https:\/\/api.w.org\/{rel}","templated":true}]}}