{"id":292,"date":"2016-04-27T11:00:20","date_gmt":"2016-04-27T09:00:20","guid":{"rendered":"https:\/\/westfach.de\/?page_id=292"},"modified":"2020-10-28T21:59:35","modified_gmt":"2020-10-28T20:59:35","slug":"sophia-neuhofer","status":"publish","type":"page","link":"https:\/\/westfach.de\/en\/sophia-neuhofer\/","title":{"rendered":"Sophia Neuhofer"},"content":{"rendered":"<p><a href=\"https:\/\/westfach.de\/wp-content\/uploads\/2020\/10\/Sophia.jpg\"><img loading=\"lazy\" decoding=\"async\" class=\"alignnone  wp-image-2261\" src=\"https:\/\/westfach.de\/wp-content\/uploads\/2020\/10\/Sophia-300x200.jpg\" alt=\"\" width=\"314\" height=\"209\" srcset=\"https:\/\/westfach.de\/wp-content\/uploads\/2020\/10\/Sophia-300x200.jpg 300w, https:\/\/westfach.de\/wp-content\/uploads\/2020\/10\/Sophia-1024x683.jpg 1024w, https:\/\/westfach.de\/wp-content\/uploads\/2020\/10\/Sophia-768x512.jpg 768w, https:\/\/westfach.de\/wp-content\/uploads\/2020\/10\/Sophia-1536x1024.jpg 1536w, https:\/\/westfach.de\/wp-content\/uploads\/2020\/10\/Sophia.jpg 1600w\" sizes=\"auto, (max-width: 314px) 100vw, 314px\" \/><\/a><\/p>\n<p>Sitzkissen mit Dinkelspreu und Lavendel.<\/p>\n<p>&#8220;Meine <strong>N\u00e4hwerkstatt<\/strong> befindet sich in einem Dachgeschoss. Hier n\u00e4he ich aus alten und neuen Stoffen Kinderkleider, Sitzkissen und kleine Unikate.&#8221;<!--more--><\/p>\n<p><a href=\"https:\/\/westfach.de\/wp-content\/uploads\/2020\/10\/DSC_3086.jpg\"><img loading=\"lazy\" decoding=\"async\" class=\"alignnone  wp-image-2262\" src=\"https:\/\/westfach.de\/wp-content\/uploads\/2020\/10\/DSC_3086-300x200.jpg\" alt=\"\" width=\"311\" height=\"207\" srcset=\"https:\/\/westfach.de\/wp-content\/uploads\/2020\/10\/DSC_3086-300x200.jpg 300w, https:\/\/westfach.de\/wp-content\/uploads\/2020\/10\/DSC_3086-1024x683.jpg 1024w, https:\/\/westfach.de\/wp-content\/uploads\/2020\/10\/DSC_3086-768x512.jpg 768w, https:\/\/westfach.de\/wp-content\/uploads\/2020\/10\/DSC_3086-1536x1024.jpg 1536w, https:\/\/westfach.de\/wp-content\/uploads\/2020\/10\/DSC_3086.jpg 1600w\" sizes=\"auto, (max-width: 311px) 100vw, 311px\" \/><\/a><\/p>\n<p>Sophia Neuhofer, Jahrgang 1988, n\u00e4ht seit ihrer Kindheit gern. Nach einer zweij\u00e4hrigen Kost\u00fcmassistenz im Theater &#8220;Marienbad&#8221; in Freiburg ist sie nach Leipzig gezogen. Hier hat Sie begonnen alte Herren-Lederjacken zu Kinderhosen umzun\u00e4hen und Ihre Besch\u00e4ftigung mit Textilien vertieft. Ihre Kollektion geht von \u00a0Upcycling \u00fcber praktische Kinderkleidung, bis hin zu kleineren Unikaten, wie Taschen, Puppen und Duftkissen. Sch\u00f6ne Farben und bequemes Tragen liegen Ihr am Herzen.<\/p>\n<p><a href=\"https:\/\/westfach.de\/wp-content\/uploads\/2020\/10\/IMG_20190920_125204-1.jpg\"><img loading=\"lazy\" decoding=\"async\" class=\"alignnone  wp-image-2025\" src=\"https:\/\/westfach.de\/wp-content\/uploads\/2020\/10\/IMG_20190920_125204-1-225x300.jpg\" alt=\"\" width=\"240\" height=\"320\" srcset=\"https:\/\/westfach.de\/wp-content\/uploads\/2020\/10\/IMG_20190920_125204-1-225x300.jpg 225w, https:\/\/westfach.de\/wp-content\/uploads\/2020\/10\/IMG_20190920_125204-1-768x1024.jpg 768w, https:\/\/westfach.de\/wp-content\/uploads\/2020\/10\/IMG_20190920_125204-1.jpg 900w\" sizes=\"auto, (max-width: 240px) 100vw, 240px\" \/><\/a><\/p>\n<p>&nbsp;<\/p>\n<p>&nbsp;<\/p>\n","protected":false},"excerpt":{"rendered":"<p>Sitzkissen mit Dinkelspreu und Lavendel. &#8220;Meine N\u00e4hwerkstatt befindet sich in einem Dachgeschoss. Hier n\u00e4he ich aus alten und neuen Stoffen Kinderkleider, Sitzkissen und kleine Unikate.&#8221;<\/p>\n","protected":false},"author":2,"featured_media":0,"parent":0,"menu_order":20,"comment_status":"closed","ping_status":"closed","template":"","meta":{"_bbp_topic_count":0,"_bbp_reply_count":0,"_bbp_total_topic_count":0,"_bbp_total_reply_count":0,"_bbp_voice_count":0,"_bbp_anonymous_reply_count":0,"_bbp_topic_count_hidden":0,"_bbp_reply_count_hidden":0,"_bbp_forum_subforum_count":0,"_crdt_document":"","footnotes":""},"categories":[3],"tags":[],"class_list":["post-292","page","type-page","status-publish","hentry","category-kuenstlerinnen-und-herstellerinnen"],"jetpack_sharing_enabled":true,"_links":{"self":[{"href":"https:\/\/westfach.de\/en\/wp-json\/wp\/v2\/pages\/292","targetHints":{"allow":["GET"]}}],"collection":[{"href":"https:\/\/westfach.de\/en\/wp-json\/wp\/v2\/pages"}],"about":[{"href":"https:\/\/westfach.de\/en\/wp-json\/wp\/v2\/types\/page"}],"author":[{"embeddable":true,"href":"https:\/\/westfach.de\/en\/wp-json\/wp\/v2\/users\/2"}],"replies":[{"embeddable":true,"href":"https:\/\/westfach.de\/en\/wp-json\/wp\/v2\/comments?post=292"}],"version-history":[{"count":13,"href":"https:\/\/westfach.de\/en\/wp-json\/wp\/v2\/pages\/292\/revisions"}],"predecessor-version":[{"id":2264,"href":"https:\/\/westfach.de\/en\/wp-json\/wp\/v2\/pages\/292\/revisions\/2264"}],"wp:attachment":[{"href":"https:\/\/westfach.de\/en\/wp-json\/wp\/v2\/media?parent=292"}],"wp:term":[{"taxonomy":"category","embeddable":true,"href":"https:\/\/westfach.de\/en\/wp-json\/wp\/v2\/categories?post=292"},{"taxonomy":"post_tag","embeddable":true,"href":"https:\/\/westfach.de\/en\/wp-json\/wp\/v2\/tags?post=292"}],"curies":[{"name":"wp","href":"https:\/\/api.w.org\/{rel}","templated":true}]}}