{"id":2553,"date":"2021-11-05T23:06:35","date_gmt":"2021-11-05T22:06:35","guid":{"rendered":"https:\/\/westfach.de\/?page_id=2553"},"modified":"2021-11-05T23:10:15","modified_gmt":"2021-11-05T22:10:15","slug":"soxn-socken-aus-sachsen","status":"publish","type":"page","link":"https:\/\/westfach.de\/en\/soxn-socken-aus-sachsen\/","title":{"rendered":"&#8220;SOXN&#8221; &#8211; Socken aus Sachsen."},"content":{"rendered":"<p><a href=\"https:\/\/westfach.de\/wp-content\/uploads\/2021\/11\/Mountain-Lover.jpg\"><img loading=\"lazy\" decoding=\"async\" class=\"alignnone wp-image-2548\" src=\"https:\/\/westfach.de\/wp-content\/uploads\/2021\/11\/Mountain-Lover-288x300.jpg\" alt=\"\" width=\"339\" height=\"353\" srcset=\"https:\/\/westfach.de\/wp-content\/uploads\/2021\/11\/Mountain-Lover-288x300.jpg 288w, https:\/\/westfach.de\/wp-content\/uploads\/2021\/11\/Mountain-Lover.jpg 539w\" sizes=\"auto, (max-width: 339px) 100vw, 339px\" \/><\/a><\/p>\n<p style=\"text-align: left;\">Regional, bio, fair: Das sind SOXN \u2013 Socken aus Sachsen. Gestrickt werden die hochwertigen Sportsocken in einem s\u00e4chsischen Familienbetrieb in Hohenstein-Ernstthal.<\/p>\n<p><!--more--><\/p>\n<p><a href=\"https:\/\/westfach.de\/wp-content\/uploads\/2021\/11\/On-the-Road2.jpg\"><img loading=\"lazy\" decoding=\"async\" class=\"alignnone wp-image-2550\" src=\"https:\/\/westfach.de\/wp-content\/uploads\/2021\/11\/On-the-Road2-300x300.jpg\" alt=\"\" width=\"365\" height=\"365\" srcset=\"https:\/\/westfach.de\/wp-content\/uploads\/2021\/11\/On-the-Road2-300x300.jpg 300w, https:\/\/westfach.de\/wp-content\/uploads\/2021\/11\/On-the-Road2-1024x1021.jpg 1024w, https:\/\/westfach.de\/wp-content\/uploads\/2021\/11\/On-the-Road2-150x150.jpg 150w, https:\/\/westfach.de\/wp-content\/uploads\/2021\/11\/On-the-Road2-768x765.jpg 768w, https:\/\/westfach.de\/wp-content\/uploads\/2021\/11\/On-the-Road2.jpg 1204w\" sizes=\"auto, (max-width: 365px) 100vw, 365px\" \/><\/a><\/p>\n<p style=\"text-align: left;\">Die weiche SOXN-Baumwolle kommt aus Griechenland. Sie ist 100 Prozent bio und nach strengsten Kriterien zertifiziert. Das hei\u00dft: weniger Wasserverbrauch, keine Gentechnik und ohne giftige Chemie. Gef\u00e4rbt wird die Bio-Baumwolle schlie\u00dflich in Th\u00fcringen \u2013 und zwar umweltschonend und hautfreundlich.<\/p>\n<p><a href=\"https:\/\/westfach.de\/wp-content\/uploads\/2021\/11\/Unsere-Strumpffabrik-in-Hohenstein-Ernstthal.jpeg\"><img loading=\"lazy\" decoding=\"async\" class=\"alignnone wp-image-2542\" src=\"https:\/\/westfach.de\/wp-content\/uploads\/2021\/11\/Unsere-Strumpffabrik-in-Hohenstein-Ernstthal-300x225.jpeg\" alt=\"\" width=\"423\" height=\"317\" srcset=\"https:\/\/westfach.de\/wp-content\/uploads\/2021\/11\/Unsere-Strumpffabrik-in-Hohenstein-Ernstthal-300x225.jpeg 300w, https:\/\/westfach.de\/wp-content\/uploads\/2021\/11\/Unsere-Strumpffabrik-in-Hohenstein-Ernstthal-1024x768.jpeg 1024w, https:\/\/westfach.de\/wp-content\/uploads\/2021\/11\/Unsere-Strumpffabrik-in-Hohenstein-Ernstthal-768x576.jpeg 768w, https:\/\/westfach.de\/wp-content\/uploads\/2021\/11\/Unsere-Strumpffabrik-in-Hohenstein-Ernstthal-1536x1152.jpeg 1536w, https:\/\/westfach.de\/wp-content\/uploads\/2021\/11\/Unsere-Strumpffabrik-in-Hohenstein-Ernstthal.jpeg 1600w\" sizes=\"auto, (max-width: 423px) 100vw, 423px\" \/><\/a><\/p>\n<p>Unsere Strumpffabrik in Hohenstein-Ernstthal.<\/p>\n<p><a href=\"https:\/\/westfach.de\/wp-content\/uploads\/2021\/11\/Conen-in-unserer-Strumpffabrik.jpeg\"><img loading=\"lazy\" decoding=\"async\" class=\"alignnone wp-image-2544\" src=\"https:\/\/westfach.de\/wp-content\/uploads\/2021\/11\/Conen-in-unserer-Strumpffabrik-300x225.jpeg\" alt=\"\" width=\"416\" height=\"312\" srcset=\"https:\/\/westfach.de\/wp-content\/uploads\/2021\/11\/Conen-in-unserer-Strumpffabrik-300x225.jpeg 300w, https:\/\/westfach.de\/wp-content\/uploads\/2021\/11\/Conen-in-unserer-Strumpffabrik-1024x768.jpeg 1024w, https:\/\/westfach.de\/wp-content\/uploads\/2021\/11\/Conen-in-unserer-Strumpffabrik-768x576.jpeg 768w, https:\/\/westfach.de\/wp-content\/uploads\/2021\/11\/Conen-in-unserer-Strumpffabrik-1536x1152.jpeg 1536w, https:\/\/westfach.de\/wp-content\/uploads\/2021\/11\/Conen-in-unserer-Strumpffabrik.jpeg 1600w\" sizes=\"auto, (max-width: 416px) 100vw, 416px\" \/><\/a><\/p>\n<p style=\"text-align: left;\">Hinter SOXN stecken Marius und Philipp. Gemeinsam entwickeln sie Design und Form der SOXN in Leipzig. Statt tausende Kilometer entfernt zu produzieren, setzen sie auf eine regionale Strumpffabrik in Sachsen \u2013 und 130 Jahre Erfahrung in der Sockenherstellung.<\/p>\n<p><a href=\"https:\/\/westfach.de\/wp-content\/uploads\/2021\/11\/Strickmaschine-in-Hohenstein-Ernstthal.jpeg\"><img loading=\"lazy\" decoding=\"async\" class=\"alignnone wp-image-2540\" src=\"https:\/\/westfach.de\/wp-content\/uploads\/2021\/11\/Strickmaschine-in-Hohenstein-Ernstthal-300x225.jpeg\" alt=\"\" width=\"412\" height=\"309\" srcset=\"https:\/\/westfach.de\/wp-content\/uploads\/2021\/11\/Strickmaschine-in-Hohenstein-Ernstthal-300x225.jpeg 300w, https:\/\/westfach.de\/wp-content\/uploads\/2021\/11\/Strickmaschine-in-Hohenstein-Ernstthal-1024x768.jpeg 1024w, https:\/\/westfach.de\/wp-content\/uploads\/2021\/11\/Strickmaschine-in-Hohenstein-Ernstthal-768x576.jpeg 768w, https:\/\/westfach.de\/wp-content\/uploads\/2021\/11\/Strickmaschine-in-Hohenstein-Ernstthal-1536x1152.jpeg 1536w, https:\/\/westfach.de\/wp-content\/uploads\/2021\/11\/Strickmaschine-in-Hohenstein-Ernstthal.jpeg 1600w\" sizes=\"auto, (max-width: 412px) 100vw, 412px\" \/><\/a><\/p>\n<p style=\"text-align: left;\">Strickmaschine in Hohenstein-Ernstthal.<\/p>\n<p style=\"text-align: left;\">Denn in Sachsen pochte einst das Herz der weltweiten Strumpfproduktion. Anfang des 19. Jahrhunderts kamen sogar 80 Prozent der Socken weltweit aus der Region, zu DDR-Zeiten produzierte hier Europas gr\u00f6\u00dfter Strumpfhersteller.<\/p>\n<p><a href=\"https:\/\/westfach.de\/wp-content\/uploads\/2021\/11\/On-the-Road1.jpg\"><img loading=\"lazy\" decoding=\"async\" class=\"alignnone wp-image-2549\" src=\"https:\/\/westfach.de\/wp-content\/uploads\/2021\/11\/On-the-Road1-300x200.jpg\" alt=\"\" width=\"460\" height=\"306\" srcset=\"https:\/\/westfach.de\/wp-content\/uploads\/2021\/11\/On-the-Road1-300x200.jpg 300w, https:\/\/westfach.de\/wp-content\/uploads\/2021\/11\/On-the-Road1-1024x682.jpg 1024w, https:\/\/westfach.de\/wp-content\/uploads\/2021\/11\/On-the-Road1-768x512.jpg 768w, https:\/\/westfach.de\/wp-content\/uploads\/2021\/11\/On-the-Road1-1536x1023.jpg 1536w, https:\/\/westfach.de\/wp-content\/uploads\/2021\/11\/On-the-Road1.jpg 1600w\" sizes=\"auto, (max-width: 460px) 100vw, 460px\" \/><\/a><\/p>\n<p>SHOP: <a href=\"http:\/\/www.soxn.de\">www.soxn.de<\/a><\/p>\n<p><a href=\"https:\/\/westfach.de\/wp-content\/uploads\/2021\/11\/Klettern-1.jpg\"><img loading=\"lazy\" decoding=\"async\" class=\"alignnone wp-image-2546\" src=\"https:\/\/westfach.de\/wp-content\/uploads\/2021\/11\/Klettern-1-300x200.jpg\" alt=\"\" width=\"463\" height=\"308\" srcset=\"https:\/\/westfach.de\/wp-content\/uploads\/2021\/11\/Klettern-1-300x200.jpg 300w, https:\/\/westfach.de\/wp-content\/uploads\/2021\/11\/Klettern-1-1024x683.jpg 1024w, https:\/\/westfach.de\/wp-content\/uploads\/2021\/11\/Klettern-1-768x512.jpg 768w, https:\/\/westfach.de\/wp-content\/uploads\/2021\/11\/Klettern-1.jpg 1350w\" sizes=\"auto, (max-width: 463px) 100vw, 463px\" \/><\/a><\/p>\n<p>MEHR \u00dcBER UNS: <a href=\"http:\/\/www.soxn.de\/i\/ueber-uns\">www.soxn.de\/i\/ueber-uns<\/a><\/p>\n","protected":false},"excerpt":{"rendered":"<p>Regional, bio, fair: Das sind SOXN \u2013 Socken aus Sachsen. Gestrickt werden die hochwertigen Sportsocken in einem s\u00e4chsischen Familienbetrieb in Hohenstein-Ernstthal.<\/p>\n","protected":false},"author":2,"featured_media":0,"parent":0,"menu_order":0,"comment_status":"closed","ping_status":"closed","template":"","meta":{"_bbp_topic_count":0,"_bbp_reply_count":0,"_bbp_total_topic_count":0,"_bbp_total_reply_count":0,"_bbp_voice_count":0,"_bbp_anonymous_reply_count":0,"_bbp_topic_count_hidden":0,"_bbp_reply_count_hidden":0,"_bbp_forum_subforum_count":0,"_crdt_document":"","footnotes":""},"categories":[3],"tags":[193,224,274,275,98,273,109,272,269,270,268,276,271],"class_list":["post-2553","page","type-page","status-publish","hentry","category-kuenstlerinnen-und-herstellerinnen","tag-bio","tag-fair","tag-griechenland","tag-hohenstein-ernstthal","tag-leipzig","tag-marius","tag-regional","tag-sachsen","tag-socken","tag-socken-aus-sachsen","tag-soxn","tag-sport","tag-strumpfproduktion"],"jetpack_sharing_enabled":true,"_links":{"self":[{"href":"https:\/\/westfach.de\/en\/wp-json\/wp\/v2\/pages\/2553","targetHints":{"allow":["GET"]}}],"collection":[{"href":"https:\/\/westfach.de\/en\/wp-json\/wp\/v2\/pages"}],"about":[{"href":"https:\/\/westfach.de\/en\/wp-json\/wp\/v2\/types\/page"}],"author":[{"embeddable":true,"href":"https:\/\/westfach.de\/en\/wp-json\/wp\/v2\/users\/2"}],"replies":[{"embeddable":true,"href":"https:\/\/westfach.de\/en\/wp-json\/wp\/v2\/comments?post=2553"}],"version-history":[{"count":5,"href":"https:\/\/westfach.de\/en\/wp-json\/wp\/v2\/pages\/2553\/revisions"}],"predecessor-version":[{"id":2560,"href":"https:\/\/westfach.de\/en\/wp-json\/wp\/v2\/pages\/2553\/revisions\/2560"}],"wp:attachment":[{"href":"https:\/\/westfach.de\/en\/wp-json\/wp\/v2\/media?parent=2553"}],"wp:term":[{"taxonomy":"category","embeddable":true,"href":"https:\/\/westfach.de\/en\/wp-json\/wp\/v2\/categories?post=2553"},{"taxonomy":"post_tag","embeddable":true,"href":"https:\/\/westfach.de\/en\/wp-json\/wp\/v2\/tags?post=2553"}],"curies":[{"name":"wp","href":"https:\/\/api.w.org\/{rel}","templated":true}]}}