{"id":1246,"date":"2016-10-17T22:22:20","date_gmt":"2016-10-17T20:22:20","guid":{"rendered":"https:\/\/westfach.de\/?page_id=1246"},"modified":"2020-10-13T17:44:58","modified_gmt":"2020-10-13T15:44:58","slug":"anke-vetter","status":"publish","type":"page","link":"https:\/\/westfach.de\/en\/anke-vetter\/","title":{"rendered":"Anke Vetter"},"content":{"rendered":"<p><a href=\"https:\/\/westfach.de\/wp-content\/uploads\/2020\/10\/IMGP1273.jpg\"><img loading=\"lazy\" decoding=\"async\" class=\"alignnone wp-image-1956\" src=\"https:\/\/westfach.de\/wp-content\/uploads\/2020\/10\/IMGP1273-201x300.jpg\" alt=\"\" width=\"269\" height=\"401\" srcset=\"https:\/\/westfach.de\/wp-content\/uploads\/2020\/10\/IMGP1273-201x300.jpg 201w, https:\/\/westfach.de\/wp-content\/uploads\/2020\/10\/IMGP1273-685x1024.jpg 685w, https:\/\/westfach.de\/wp-content\/uploads\/2020\/10\/IMGP1273-768x1148.jpg 768w, https:\/\/westfach.de\/wp-content\/uploads\/2020\/10\/IMGP1273.jpg 803w\" sizes=\"auto, (max-width: 269px) 100vw, 269px\" \/><\/a><\/p>\n<p>&#8220;W\u00e4hrend meines Studiums an der \u201eEscuela de arte\u201c in Santiago de Chile lernte ich 2005 das <strong>&#8216;Glass Fusing&#8217;<\/strong> kennen, bei dem Glas durch Hitze zum Schmelzen und in die gew\u00fcnschte Form (molde) gebracht wird. Da ich als K\u00fcnstlerin fast ausschlie\u00dflich mit gebrauchten Materialien arbeitete, fing ich zur\u00fcck in Leipzig an mit Altglas zu experimentieren. Seitdem l\u00e4sst mich dieses Material nicht mehr los.<\/p>\n<p><!--more--><\/p>\n<p><a href=\"https:\/\/westfach.de\/wp-content\/uploads\/2020\/10\/IMG_4738.jpg\"><img loading=\"lazy\" decoding=\"async\" class=\"alignnone wp-image-1957\" src=\"https:\/\/westfach.de\/wp-content\/uploads\/2020\/10\/IMG_4738-300x200.jpg\" alt=\"\" width=\"371\" height=\"247\" srcset=\"https:\/\/westfach.de\/wp-content\/uploads\/2020\/10\/IMG_4738-300x200.jpg 300w, https:\/\/westfach.de\/wp-content\/uploads\/2020\/10\/IMG_4738-1024x683.jpg 1024w, https:\/\/westfach.de\/wp-content\/uploads\/2020\/10\/IMG_4738-768x512.jpg 768w, https:\/\/westfach.de\/wp-content\/uploads\/2020\/10\/IMG_4738-1536x1024.jpg 1536w, https:\/\/westfach.de\/wp-content\/uploads\/2020\/10\/IMG_4738.jpg 1600w\" sizes=\"auto, (max-width: 371px) 100vw, 371px\" \/><\/a><\/p>\n<p>2014 gr\u00fcndete ich mein Label<a href=\"https:\/\/moldeglasblog.wordpress.com\/\"> <strong>&#8216;moldE-glaS&#8217;<\/strong><\/a>, f\u00fcr das ich vor allem verspielte Wohnaccessoires aus Flaschen entwickle. Weiterhin arbeite ich als K\u00fcnstlerin z.B. in der KG LeipZigZag oder zuletzt bei der Ausstellung &#8220;Multipolar&#8221; der Galerie &#8220;bipolar&#8221;. Dabei gehe ich auf Spurensuche nach Identit\u00e4t und setze mich mit gender, Raum und Urbanit\u00e4t auseinander.&#8221;<\/p>\n<p><em>Kontakt: molde-glas@web.de<\/em><\/p>\n<p><a href=\"https:\/\/moldeglasblog.wordpress.com\/\">https:\/\/moldeglasblog.wordpress.com\/<\/a><\/p>\n","protected":false},"excerpt":{"rendered":"<p>&#8220;W\u00e4hrend meines Studiums an der \u201eEscuela de arte\u201c in Santiago de Chile lernte ich 2005 das &#8216;Glass Fusing&#8217; kennen, bei dem Glas durch Hitze zum Schmelzen und in die gew\u00fcnschte Form (molde) gebracht wird. Da ich als K\u00fcnstlerin fast ausschlie\u00dflich mit gebrauchten Materialien arbeitete, fing ich zur\u00fcck in Leipzig an mit Altglas zu experimentieren. Seitdem &hellip; <a href=\"https:\/\/westfach.de\/en\/anke-vetter\/\" class=\"more-link\">Continue reading <span class=\"screen-reader-text\">Anke Vetter<\/span><\/a><\/p>\n","protected":false},"author":2,"featured_media":0,"parent":0,"menu_order":0,"comment_status":"closed","ping_status":"closed","template":"","meta":{"_bbp_topic_count":0,"_bbp_reply_count":0,"_bbp_total_topic_count":0,"_bbp_total_reply_count":0,"_bbp_voice_count":0,"_bbp_anonymous_reply_count":0,"_bbp_topic_count_hidden":0,"_bbp_reply_count_hidden":0,"_bbp_forum_subforum_count":0,"_crdt_document":"","footnotes":""},"categories":[3],"tags":[],"class_list":["post-1246","page","type-page","status-publish","hentry","category-kuenstlerinnen-und-herstellerinnen"],"jetpack_sharing_enabled":true,"_links":{"self":[{"href":"https:\/\/westfach.de\/en\/wp-json\/wp\/v2\/pages\/1246","targetHints":{"allow":["GET"]}}],"collection":[{"href":"https:\/\/westfach.de\/en\/wp-json\/wp\/v2\/pages"}],"about":[{"href":"https:\/\/westfach.de\/en\/wp-json\/wp\/v2\/types\/page"}],"author":[{"embeddable":true,"href":"https:\/\/westfach.de\/en\/wp-json\/wp\/v2\/users\/2"}],"replies":[{"embeddable":true,"href":"https:\/\/westfach.de\/en\/wp-json\/wp\/v2\/comments?post=1246"}],"version-history":[{"count":4,"href":"https:\/\/westfach.de\/en\/wp-json\/wp\/v2\/pages\/1246\/revisions"}],"predecessor-version":[{"id":1959,"href":"https:\/\/westfach.de\/en\/wp-json\/wp\/v2\/pages\/1246\/revisions\/1959"}],"wp:attachment":[{"href":"https:\/\/westfach.de\/en\/wp-json\/wp\/v2\/media?parent=1246"}],"wp:term":[{"taxonomy":"category","embeddable":true,"href":"https:\/\/westfach.de\/en\/wp-json\/wp\/v2\/categories?post=1246"},{"taxonomy":"post_tag","embeddable":true,"href":"https:\/\/westfach.de\/en\/wp-json\/wp\/v2\/tags?post=1246"}],"curies":[{"name":"wp","href":"https:\/\/api.w.org\/{rel}","templated":true}]}}